{"id":201,"date":"2016-09-02T17:08:32","date_gmt":"2016-09-02T15:08:32","guid":{"rendered":"https:\/\/backtrap.se.loopiadns.com\/en\/back-trap-2\/"},"modified":"2016-09-02T17:08:32","modified_gmt":"2016-09-02T15:08:32","slug":"back-trap","status":"publish","type":"page","link":"https:\/\/backtrap.se\/en\/","title":{"rendered":"Back-Trap"},"content":{"rendered":"<h3 style=\"text-align: left\"><strong>Minskar underh\u00e5llet och f\u00f6rb\u00e4ttrar avloppets funktion.<\/strong><\/h3>\n<p><strong>Trap-Vent<\/strong> har en unik, sj\u00e4lvrensande funktion. Vattenl\u00e5set t\u00f6ms effektivt vid anv\u00e4ndning d\u00e5 den inv\u00e4ndiga profilen \u00e4r utformad s\u00e5 att en ejektorverkan uppn\u00e5s\u00a0och\u00a0inget fastnar p\u00e5 v\u00e4gen genom vattenl\u00e5set.<\/p>\n<p><strong>Trap-Vent<\/strong> \u00f6ppnar redan vid -70 Pa undertryck och tillf\u00f6r luft till avloppssystemet. P\u00e5 s\u00e5 s\u00e4tt f\u00f6rb\u00e4ttras fl\u00f6det i avloppsystemet och vattenl\u00e5set f\u00f6rhindras att t\u00f6mmas. Vid neutralt tryck och \u00f6vertryck \u00e4r tilluftsventilen st\u00e4ngd och absolut t\u00e4t.<\/p>\n","protected":false},"excerpt":{"rendered":"<p>Minskar underh\u00e5llet och f\u00f6rb\u00e4ttrar avloppets funktion. Trap-Vent har en unik, sj\u00e4lvrensande funktion. Vattenl\u00e5set t\u00f6ms effektivt vid anv\u00e4ndning d\u00e5 den inv\u00e4ndiga profilen \u00e4r utformad s\u00e5 att en ejektorverkan uppn\u00e5s\u00a0och\u00a0inget fastnar p\u00e5 v\u00e4gen genom vattenl\u00e5set. Trap-Vent \u00f6ppnar redan vid -70 Pa undertryck och tillf\u00f6r luft till avloppssystemet. P\u00e5 s\u00e5 s\u00e4tt f\u00f6rb\u00e4ttras fl\u00f6det i avloppsystemet och vattenl\u00e5set f\u00f6rhindras &hellip; <\/p>\n<div class=\"read-more\"><a href=\"https:\/\/backtrap.se\/en\/\">Continued <cite class=\"sr-only\">Back-Trap<\/cite><\/a><\/div>\n","protected":false},"author":1,"featured_media":0,"parent":0,"menu_order":0,"comment_status":"closed","ping_status":"closed","template":"template-product.php","meta":{"_links_to":"","_links_to_target":""},"yoast_head":"<!-- This site is optimized with the Yoast SEO plugin v19.10 - https:\/\/yoast.com\/wordpress\/plugins\/seo\/ -->\n<title>Trap-Vent \u2013 Sj\u00e4lvrensande vattenl\u00e5s med tilluftsventil | Fyra Hus<\/title>\n<meta name=\"robots\" content=\"index, follow, max-snippet:-1, max-image-preview:large, max-video-preview:-1\" \/>\n<link rel=\"canonical\" href=\"https:\/\/backtrap.se\/en\/\" \/>\n<meta property=\"og:locale\" content=\"en_US\" \/>\n<meta property=\"og:type\" content=\"article\" \/>\n<meta property=\"og:title\" content=\"Trap-Vent \u2013 Sj\u00e4lvrensande vattenl\u00e5s med tilluftsventil | Fyra Hus\" \/>\n<meta property=\"og:description\" content=\"Minskar underh\u00e5llet och f\u00f6rb\u00e4ttrar avloppets funktion. Trap-Vent har en unik, sj\u00e4lvrensande funktion. Vattenl\u00e5set t\u00f6ms effektivt vid anv\u00e4ndning d\u00e5 den inv\u00e4ndiga profilen \u00e4r utformad s\u00e5 att en ejektorverkan uppn\u00e5s\u00a0och\u00a0inget fastnar p\u00e5 v\u00e4gen genom vattenl\u00e5set. Trap-Vent \u00f6ppnar redan vid -70 Pa undertryck och tillf\u00f6r luft till avloppssystemet. P\u00e5 s\u00e5 s\u00e4tt f\u00f6rb\u00e4ttras fl\u00f6det i avloppsystemet och vattenl\u00e5set f\u00f6rhindras &hellip; Continued Back-Trap\" \/>\n<meta property=\"og:url\" content=\"https:\/\/backtrap.se\/en\/\" \/>\n<meta property=\"og:site_name\" content=\"Backtrap\" \/>\n<meta name=\"twitter:card\" content=\"summary_large_image\" \/>\n<script type=\"application\/ld+json\" class=\"yoast-schema-graph\">{\"@context\":\"https:\/\/schema.org\",\"@graph\":[{\"@type\":\"WebPage\",\"@id\":\"https:\/\/backtrap.se\/en\/\",\"url\":\"https:\/\/backtrap.se\/en\/\",\"name\":\"Trap-Vent \u2013 Sj\u00e4lvrensande vattenl\u00e5s med tilluftsventil | Fyra Hus\",\"isPartOf\":{\"@id\":\"https:\/\/backtrap.se\/#website\"},\"datePublished\":\"2016-09-02T15:08:32+00:00\",\"dateModified\":\"2016-09-02T15:08:32+00:00\",\"breadcrumb\":{\"@id\":\"https:\/\/backtrap.se\/en\/#breadcrumb\"},\"inLanguage\":\"en-US\",\"potentialAction\":[{\"@type\":\"ReadAction\",\"target\":[\"https:\/\/backtrap.se\/en\/\"]}]},{\"@type\":\"BreadcrumbList\",\"@id\":\"https:\/\/backtrap.se\/en\/#breadcrumb\",\"itemListElement\":[{\"@type\":\"ListItem\",\"position\":1,\"name\":\"Hem\",\"item\":\"https:\/\/backtrap.se\/en\/\"},{\"@type\":\"ListItem\",\"position\":2,\"name\":\"Back-Trap\"}]},{\"@type\":\"WebSite\",\"@id\":\"https:\/\/backtrap.se\/#website\",\"url\":\"https:\/\/backtrap.se\/\",\"name\":\"Backtrap\",\"description\":\"\",\"potentialAction\":[{\"@type\":\"SearchAction\",\"target\":{\"@type\":\"EntryPoint\",\"urlTemplate\":\"https:\/\/backtrap.se\/?s={search_term_string}\"},\"query-input\":\"required name=search_term_string\"}],\"inLanguage\":\"en-US\"}]}<\/script>\n<!-- \/ Yoast SEO plugin. -->","yoast_head_json":{"title":"Trap-Vent \u2013 Sj\u00e4lvrensande vattenl\u00e5s med tilluftsventil | Fyra Hus","robots":{"index":"index","follow":"follow","max-snippet":"max-snippet:-1","max-image-preview":"max-image-preview:large","max-video-preview":"max-video-preview:-1"},"canonical":"https:\/\/backtrap.se\/en\/","og_locale":"en_US","og_type":"article","og_title":"Trap-Vent \u2013 Sj\u00e4lvrensande vattenl\u00e5s med tilluftsventil | Fyra Hus","og_description":"Minskar underh\u00e5llet och f\u00f6rb\u00e4ttrar avloppets funktion. Trap-Vent har en unik, sj\u00e4lvrensande funktion. Vattenl\u00e5set t\u00f6ms effektivt vid anv\u00e4ndning d\u00e5 den inv\u00e4ndiga profilen \u00e4r utformad s\u00e5 att en ejektorverkan uppn\u00e5s\u00a0och\u00a0inget fastnar p\u00e5 v\u00e4gen genom vattenl\u00e5set. Trap-Vent \u00f6ppnar redan vid -70 Pa undertryck och tillf\u00f6r luft till avloppssystemet. P\u00e5 s\u00e5 s\u00e4tt f\u00f6rb\u00e4ttras fl\u00f6det i avloppsystemet och vattenl\u00e5set f\u00f6rhindras &hellip; Continued Back-Trap","og_url":"https:\/\/backtrap.se\/en\/","og_site_name":"Backtrap","twitter_card":"summary_large_image","schema":{"@context":"https:\/\/schema.org","@graph":[{"@type":"WebPage","@id":"https:\/\/backtrap.se\/en\/","url":"https:\/\/backtrap.se\/en\/","name":"Trap-Vent \u2013 Sj\u00e4lvrensande vattenl\u00e5s med tilluftsventil | Fyra Hus","isPartOf":{"@id":"https:\/\/backtrap.se\/#website"},"datePublished":"2016-09-02T15:08:32+00:00","dateModified":"2016-09-02T15:08:32+00:00","breadcrumb":{"@id":"https:\/\/backtrap.se\/en\/#breadcrumb"},"inLanguage":"en-US","potentialAction":[{"@type":"ReadAction","target":["https:\/\/backtrap.se\/en\/"]}]},{"@type":"BreadcrumbList","@id":"https:\/\/backtrap.se\/en\/#breadcrumb","itemListElement":[{"@type":"ListItem","position":1,"name":"Hem","item":"https:\/\/backtrap.se\/en\/"},{"@type":"ListItem","position":2,"name":"Back-Trap"}]},{"@type":"WebSite","@id":"https:\/\/backtrap.se\/#website","url":"https:\/\/backtrap.se\/","name":"Backtrap","description":"","potentialAction":[{"@type":"SearchAction","target":{"@type":"EntryPoint","urlTemplate":"https:\/\/backtrap.se\/?s={search_term_string}"},"query-input":"required name=search_term_string"}],"inLanguage":"en-US"}]}},"_links":{"self":[{"href":"https:\/\/backtrap.se\/en\/wp-json\/wp\/v2\/pages\/201"}],"collection":[{"href":"https:\/\/backtrap.se\/en\/wp-json\/wp\/v2\/pages"}],"about":[{"href":"https:\/\/backtrap.se\/en\/wp-json\/wp\/v2\/types\/page"}],"author":[{"embeddable":true,"href":"https:\/\/backtrap.se\/en\/wp-json\/wp\/v2\/users\/1"}],"replies":[{"embeddable":true,"href":"https:\/\/backtrap.se\/en\/wp-json\/wp\/v2\/comments?post=201"}],"version-history":[{"count":0,"href":"https:\/\/backtrap.se\/en\/wp-json\/wp\/v2\/pages\/201\/revisions"}],"wp:attachment":[{"href":"https:\/\/backtrap.se\/en\/wp-json\/wp\/v2\/media?parent=201"}],"curies":[{"name":"wp","href":"https:\/\/api.w.org\/{rel}","templated":true}]}}